{"id":557,"date":"2026-02-03T12:20:59","date_gmt":"2026-02-03T11:20:59","guid":{"rendered":"https:\/\/www.af1760.com\/cookie-policy\/"},"modified":"2026-02-03T12:50:51","modified_gmt":"2026-02-03T11:50:51","slug":"cookie-policy","status":"publish","type":"page","link":"https:\/\/www.af1760.com\/de\/cookie-policy\/","title":{"rendered":"Cookie Policy"},"content":{"rendered":"<style>\ntable {\n  width: 100%;\n  border-collapse: collapse;\n  margin: 20px 0;\n}\ntable th,\ntable td {\n  border: 1px solid #d3d3d3;\n  padding: 8px;\n  vertical-align: top;\n}\ntable th {\n  font-weight: bold;\n}\n<\/style>\n<h1 style=\"font-size: 24px\">INFORMATIONEN ZUR VERARBEITUNG PERSONENBEZOGENER DATEN IM ZUSAMMENHANG MIT DER NAVIGATION UND DER VERWENDUNG VON COOKIES<\/h1>\n<p><strong>Identit\u00e4t und Kontaktdaten des Verantwortlichen<\/strong><br \/> Tognana Porcellane S.p.A., nachfolgend auch \u201eTognana\u201c oder der \u201eVerantwortliche\u201c, mit Sitz in Via Capitello, 22 \u2013 31030 \u2013 Casier (TV), Italien, erreichbar unter der E-Mail-Adresse <a href=\"mailto:info@tognana.com\">info@tognana.com<\/a>, der PEC-Adresse <a href=\"mailto:tognanaporcellane@legalmail.it\">tognanaporcellane@legalmail.it<\/a> oder telefonisch unter <a href=\"tel:+3904226721\">+39 0422 6721<\/a>.<\/p>\n<p><strong>Kontaktdaten des Datenschutzbeauftragten<\/strong><br \/> Der Datenschutzbeauftragte ist unter folgender Adresse erreichbar: <a href=\"mailto:dpo@tognanaporcellane.it\">dpo@tognanaporcellane.it<\/a>.<\/p>\n<p><strong>Zwecke und Rechtsgrundlagen<\/strong><\/p>\n<p><strong>A.<\/strong> Sicherstellung der ordnungsgem\u00e4\u00dfen Funktionsweise der Dienste und Erm\u00f6glichung der Navigation: Die f\u00fcr den Betrieb dieser Website eingesetzten IT-Systeme und Softwareverfahren erfassen w\u00e4hrend ihres normalen Betriebs bestimmte personenbezogene Daten, deren \u00dcbermittlung bei der Nutzung von Internet-Kommunikationsprotokollen implizit ist. Zu dieser Datenkategorie geh\u00f6ren IP-Adressen oder Domainnamen der von den Nutzern verwendeten Computer und Endger\u00e4te, die URI\/URL-Adressen (Uniform Resource Identifier\/Locator) der angeforderten Ressourcen, der Zeitpunkt der Anfrage, die Methode, mit der die Anfrage an den Server \u00fcbermittelt wurde, die Gr\u00f6\u00dfe der als Antwort erhaltenen Datei, der numerische Code, der den Status der vom Server gegebenen Antwort angibt (erfolgreich, Fehler usw.), sowie weitere Parameter in Bezug auf das Betriebssystem und die IT-Umgebung des Nutzers.<\/p>\n<p><strong>B.<\/strong> Statistik: Es werden Informationen erhoben, um zu verstehen, wie Besucher mit der Website interagieren, um statistische Auswertungen zu erstellen.<\/p>\n<p><strong>C.<\/strong> Profiling: Es werden Tracking-Informationen erhoben, um ein Profil des Besuchers auf der Grundlage der w\u00e4hrend der Navigation gezeigten Interessen zu erstellen und folglich Werbung anzuzeigen, die den zuvor ermittelten Pr\u00e4ferenzen entspricht.<\/p>\n<p><strong>D.<\/strong> Beantwortung von \u00fcber ver\u00f6ffentlichte Kontaktdaten \u00fcbermittelten Anfragen: Wenn ein Besucher den Verantwortlichen \u00fcber eine der auf der Website ver\u00f6ffentlichten Kontaktm\u00f6glichkeiten kontaktiert, werden die freiwillig \u00fcbermittelten Informationen erhoben, um die Anfrage zu bearbeiten und zu beantworten.<\/p>\n<p><strong>E.<\/strong> Verteidigungszwecke: Der Verantwortliche kann personenbezogene Daten zur Verwaltung von au\u00dfergerichtlichen oder gerichtlichen Streitigkeiten und Rechtsstreitigkeiten verarbeiten m\u00fcssen.<\/p>\n<table>\n<tr>\n<th>Zweck<\/th>\n<th>Rechtsgrundlage (gew\u00f6hnliche Daten)<\/th>\n<\/tr>\n<tr>\n<td>A.<\/td>\n<td>Erf\u00fcllung eines Vertrags<\/td>\n<\/tr>\n<tr>\n<td>B.<\/td>\n<td>Einwilligung<\/td>\n<\/tr>\n<tr>\n<td>C.<\/td>\n<td>Einwilligung<\/td>\n<\/tr>\n<tr>\n<td>D.<\/td>\n<td> Durchf\u00fchrung vorvertraglicher Ma\u00dfnahmen;<br \/> Berechtigtes Interesse des Verantwortlichen an der Beantwortung eingegangener Anfragen. <\/td>\n<\/tr>\n<tr>\n<td>E.<\/td>\n<td>Berechtigtes Interesse des Verantwortlichen an der Feststellung, Aus\u00fcbung oder Verteidigung eines Rechtsanspruchs.<\/td>\n<\/tr>\n<\/table>\n<p><strong>Cookies<\/strong><br \/> Einige der oben genannten Zwecke k\u00f6nnen durch die Verwendung tempor\u00e4rer Kennungen (Cookies) verfolgt werden. Weitere Informationen finden Besucher im entsprechenden Abschnitt \u201eCookie-Richtlinie\u201c unter folgendem Link: <a href=\"https:\/\/www.af1760.com\/de\/cookie-policy\/\" target=\"_blank\" rel=\"noopener\">https:\/\/www.af1760.com\/de\/cookie-policy\/<\/a>.<\/p>\n<p><strong>Speicherdauer der Daten<\/strong><\/p>\n<table>\n<tr>\n<th>Zweck<\/th>\n<th>Speicherdauer<\/th>\n<\/tr>\n<tr>\n<td>A.<\/td>\n<td>Wie im Abschnitt \u201eCookies\u201c angegeben<\/td>\n<\/tr>\n<tr>\n<td>B.<\/td>\n<td>Wie im Abschnitt \u201eCookies\u201c angegeben<\/td>\n<\/tr>\n<tr>\n<td>C.<\/td>\n<td>Wie im Abschnitt \u201eCookies\u201c angegeben<\/td>\n<\/tr>\n<tr>\n<td>D.<\/td>\n<td>F\u00fcr den Zeitraum, der zur Bearbeitung der eingegangenen Anfragen und der anschlie\u00dfenden Korrespondenz erforderlich ist.<\/td>\n<\/tr>\n<tr>\n<td>E.<\/td>\n<td>10 Jahre ab der endg\u00fcltigen Beilegung der Streitigkeit.<\/td>\n<\/tr>\n<\/table>\n<p><strong>Art der Bereitstellung der Daten und Folgen einer Verweigerung<\/strong><\/p>\n<table>\n<tr>\n<th>Zweck<\/th>\n<th>Art<\/th>\n<th>Folgen<\/th>\n<\/tr>\n<tr>\n<td>A.<\/td>\n<td>Erforderlich<\/td>\n<td>Unm\u00f6glichkeit des Zugriffs auf und der Nutzung der Website.<\/td>\n<\/tr>\n<tr>\n<td>B.<\/td>\n<td>Freiwillig<\/td>\n<td>Unm\u00f6glichkeit f\u00fcr den Verantwortlichen, statistische Auswertungen durchzuf\u00fchren.<\/td>\n<\/tr>\n<tr>\n<td>C.<\/td>\n<td>Freiwillig<\/td>\n<td>Unm\u00f6glichkeit f\u00fcr den Verantwortlichen, analytische Auswertungen zur Ermittlung der Besucherpr\u00e4ferenzen durchzuf\u00fchren, sowie f\u00fcr den Besucher, interessenbezogene Werbung zu erhalten.<\/td>\n<\/tr>\n<tr>\n<td>D.<\/td>\n<td>Erforderlich<\/td>\n<td>Unm\u00f6glichkeit, die angeforderten Informationen zu erhalten.<\/td>\n<\/tr>\n<tr>\n<td>E.<\/td>\n<td>Erforderlich<\/td>\n<td>Unm\u00f6glichkeit der Verwaltung von Streitigkeiten.<\/td>\n<\/tr>\n<\/table>\n<p><strong>Umfang der Datenweitergabe<\/strong><br \/> Alle erhobenen und verarbeiteten Daten k\u00f6nnen an intern autorisierte Personen weitergegeben werden, die zur Verarbeitung entsprechend ihren jeweiligen Aufgaben befugt sind, sowie an folgende Kategorien externer Empf\u00e4nger in Abh\u00e4ngigkeit von den jeweiligen Verarbeitungszwecken:<\/p>\n<table>\n<tr>\n<th>Zweck<\/th>\n<th>Kategorien externer Empf\u00e4nger<\/th>\n<\/tr>\n<tr>\n<td>A.<\/td>\n<td>Andere als der Verantwortliche, wie im Abschnitt \u201eCookies\u201c angegeben<\/td>\n<\/tr>\n<tr>\n<td>B.<\/td>\n<td>Andere als der Verantwortliche, wie im Abschnitt \u201eCookies\u201c angegeben<\/td>\n<\/tr>\n<tr>\n<td>C.<\/td>\n<td>Andere als der Verantwortliche, wie im Abschnitt \u201eCookies\u201c angegeben<\/td>\n<\/tr>\n<tr>\n<td>D.<\/td>\n<td>Handelsvertreter, Vertriebsberater.<\/td>\n<\/tr>\n<tr>\n<td>E.<\/td>\n<td>Anwaltskanzleien; Justiz- und Verwaltungsbeh\u00f6rden.<\/td>\n<\/tr>\n<\/table>\n<p>Da die Daten auch mithilfe von IT-Systemen verarbeitet werden, k\u00f6nnen sie auch f\u00fcr Personen sichtbar sein, die Wartungs- oder Unterst\u00fctzungsleistungen f\u00fcr diese Systeme erbringen.<\/p>\n<p><strong>\u00dcbermittlung von Daten in ein Drittland oder an eine internationale Organisation<\/strong><br \/> Der Verantwortliche \u00fcbermittelt keine personenbezogenen Daten au\u00dferhalb des Europ\u00e4ischen Wirtschaftsraums.<\/p>\n<p><strong>Rechte der betroffenen Personen<\/strong><br \/> Der betroffenen Person stehen folgende Rechte zu:<\/p>\n<p><strong>Auskunft:<\/strong> das Recht zu erfahren, ob personenbezogene Daten verarbeitet werden, und gegebenenfalls Zugang zu diesen Daten sowie eine Kopie zu erhalten.<\/p>\n<p><strong>Berichtigung:<\/strong> das Recht, die Aktualisierung, Berichtigung unrichtiger Daten sowie die Vervollst\u00e4ndigung unvollst\u00e4ndiger Daten zu verlangen.<\/p>\n<p><strong>L\u00f6schung:<\/strong> das Recht, unter bestimmten Voraussetzungen die L\u00f6schung personenbezogener Daten zu verlangen (f\u00fcr weitere Informationen wenden Sie sich an den Verantwortlichen).<\/p>\n<p><strong>Einschr\u00e4nkung:<\/strong> das Recht, unter bestimmten Voraussetzungen die Einschr\u00e4nkung der Verarbeitung zu verlangen, indem die Daten entsprechend gekennzeichnet werden (f\u00fcr weitere Informationen wenden Sie sich an den Verantwortlichen).<\/p>\n<p><strong>Widerspruch:<\/strong> das Recht, aus Gr\u00fcnden, die sich aus der besonderen Situation der betroffenen Person ergeben, der Verarbeitung personenbezogener Daten zu widersprechen, sofern die Verarbeitung auf einem berechtigten Interesse beruht oder zur Wahrnehmung einer Aufgabe im \u00f6ffentlichen Interesse oder in Aus\u00fcbung \u00f6ffentlicher Gewalt erforderlich ist.<\/p>\n<p><strong>Daten\u00fcbertragbarkeit:<\/strong> das Recht, die dem Verantwortlichen bereitgestellten personenbezogenen Daten in einem strukturierten Format zu erhalten und sie an einen anderen Verantwortlichen zu \u00fcbermitteln, sofern die Verarbeitung auf einer Einwilligung oder einem Vertrag beruht und mithilfe automatisierter Verfahren erfolgt.<\/p>\n<p><strong>Widerruf der Einwilligung:<\/strong> das Recht, die Einwilligung f\u00fcr die Zwecke, f\u00fcr die sie erteilt wurde, zu widerrufen, ohne dass die Rechtm\u00e4\u00dfigkeit der bis zum Widerruf erfolgten Verarbeitung ber\u00fchrt wird.<\/p>\n<p><strong>Die tats\u00e4chlich aus\u00fcbbaren Rechte in Bezug auf die durchgef\u00fchrten Verarbeitungst\u00e4tigkeiten sind:<\/strong><\/p>\n<table>\n<tr>\n<th>Zweck<\/th>\n<th>Auskunft<\/th>\n<th>Berichtigung<\/th>\n<th>L\u00f6schung<\/th>\n<th>Einschr\u00e4nkung<\/th>\n<th>Widerspruch<\/th>\n<th>Daten\u00fcbertragbarkeit<\/th>\n<th>Widerruf der Einwilligung<\/th>\n<\/tr>\n<tr>\n<td>A.<\/td>\n<td>X<\/td>\n<td>X<\/td>\n<td>X<\/td>\n<td>X<\/td>\n<td><\/td>\n<td>X<\/td>\n<td><\/td>\n<\/tr>\n<tr>\n<td>B.<\/td>\n<td>X<\/td>\n<td>X<\/td>\n<td>X<\/td>\n<td>X<\/td>\n<td><\/td>\n<td>X<\/td>\n<td>X<\/td>\n<\/tr>\n<tr>\n<td>C.<\/td>\n<td>X<\/td>\n<td>X<\/td>\n<td>X<\/td>\n<td>X<\/td>\n<td><\/td>\n<td>X<\/td>\n<td>X<\/td>\n<\/tr>\n<tr>\n<td>D.<\/td>\n<td>X<\/td>\n<td>X<\/td>\n<td>X<\/td>\n<td>X<\/td>\n<td>X<\/td>\n<td><\/td>\n<td><\/td>\n<\/tr>\n<tr>\n<td>E.<\/td>\n<td>X<\/td>\n<td>X<\/td>\n<td>X<\/td>\n<td>X<\/td>\n<td>X<\/td>\n<td><\/td>\n<td><\/td>\n<\/tr>\n<\/table>\n<p>Zur Aus\u00fcbung der oben genannten Rechte kann die betroffene Person das unter folgendem Link verf\u00fcgbare Formular verwenden: <a href=\"https:\/\/www.garanteprivacy.it\/web\/guest\/home\/docweb\/-\/docweb-display\/docweb\/1089924\" target=\"_blank\" rel=\"noopener\">https:\/\/www.garanteprivacy.it\/web\/guest\/home\/docweb\/-\/docweb-display\/docweb\/1089924<\/a> und es an folgende Adresse senden: <a href=\"mailto:privacy@tognanaporcellane.it\">privacy@tognanaporcellane.it<\/a>. Unter derselben Adresse k\u00f6nnen auch weitere Informationen zu den oben genannten Angaben angefordert werden (z. B. Interessenabw\u00e4gung oder Liste der Auftragsverarbeiter).<\/p>\n<p>Es besteht die M\u00f6glichkeit, Beschwerde bei einer Aufsichtsbeh\u00f6rde einzulegen: f\u00fcr Italien bei der italienischen Datenschutzbeh\u00f6rde (<a href=\"https:\/\/www.garanteprivacy.it\" target=\"_blank\" rel=\"noopener\">www.garanteprivacy.it<\/a>).<\/p>\n","protected":false},"excerpt":{"rendered":"<p>INFORMATIONEN ZUR VERARBEITUNG PERSONENBEZOGENER DATEN IM ZUSAMMENHANG MIT DER NAVIGATION  [&#8230;]<\/p>\n","protected":false},"author":1,"featured_media":0,"parent":0,"menu_order":0,"comment_status":"closed","ping_status":"closed","template":"","meta":{"footnotes":""},"class_list":["post-557","page","type-page","status-publish","hentry"],"_links":{"self":[{"href":"https:\/\/www.af1760.com\/de\/wp-json\/wp\/v2\/pages\/557","targetHints":{"allow":["GET"]}}],"collection":[{"href":"https:\/\/www.af1760.com\/de\/wp-json\/wp\/v2\/pages"}],"about":[{"href":"https:\/\/www.af1760.com\/de\/wp-json\/wp\/v2\/types\/page"}],"author":[{"embeddable":true,"href":"https:\/\/www.af1760.com\/de\/wp-json\/wp\/v2\/users\/1"}],"replies":[{"embeddable":true,"href":"https:\/\/www.af1760.com\/de\/wp-json\/wp\/v2\/comments?post=557"}],"version-history":[{"count":4,"href":"https:\/\/www.af1760.com\/de\/wp-json\/wp\/v2\/pages\/557\/revisions"}],"predecessor-version":[{"id":593,"href":"https:\/\/www.af1760.com\/de\/wp-json\/wp\/v2\/pages\/557\/revisions\/593"}],"wp:attachment":[{"href":"https:\/\/www.af1760.com\/de\/wp-json\/wp\/v2\/media?parent=557"}],"curies":[{"name":"wp","href":"https:\/\/api.w.org\/{rel}","templated":true}]}}